{"id":1887,"date":"2022-03-30T14:10:09","date_gmt":"2022-03-30T12:10:09","guid":{"rendered":"https:\/\/copernicushospitality.com\/politica-de-proteccion-de-datos\/"},"modified":"2024-10-20T15:33:20","modified_gmt":"2024-10-20T13:33:20","slug":"data-protection","status":"publish","type":"page","link":"https:\/\/copernicushospitality.com\/en\/data-protection\/","title":{"rendered":"Data Protection"},"content":{"rendered":"<p><strong>\u00cdNDICE<\/strong>:<\/p>\n<p>1. Datos de contacto del Delegado de Protecci\u00f3n de Datos.<\/p>\n<p>2. Informaci\u00f3n de Protecci\u00f3n de Datos relativa a CANDIDATOS A TRABAJAR EN COPERNICUS HOSPITALITY<\/p>\n<p>3. Informaci\u00f3n de Protecci\u00f3n de Datos relativa a CLIENTES<\/p>\n<p>4. Informaci\u00f3n de Protecci\u00f3n de Datos relativa a PROVEEDORES 5. Informaci\u00f3n de Protecci\u00f3n de Datos relativa a CANAL DE DENUNCIAS<\/p>\n<p>&nbsp;<\/p>\n<p><strong>1. Delegado de protecci\u00f3n de datos de Copernicus<\/strong><\/p>\n<p>D. Juan Pablo Ruiz-Tagle Mart\u00ednez del Cerro<\/p>\n<p>C\/ Rafael Calvo, 5 1\u00ba 28010 Madrid ESPA\u00d1A<\/p>\n<p><a href=\"mailto:protecciondedatos@copernicus.es\">protecciondedatos@copernicus.es <\/a><\/p>\n<p>Tlfn: +34 600 97 87 77<\/p>\n<p>&nbsp;<\/p>\n<p><strong>2. Informaci\u00f3n de Protecci\u00f3n de Datos relativa a CANDIDATOS A TRABAJAR EN COPERNICUS HOSPITALITY<\/strong><\/p>\n<p><strong>\u00bfQui\u00e9n es el responsable del tratamiento de tus datos?<\/strong><\/p>\n<p><strong>Identidad<\/strong>: Copernicus Hospitality, S.L. (en adelante \u201cCopernicus\u201d) \u2013 N.I.F. B06832794<\/p>\n<p><strong>Dir. Postal<\/strong>: C\/ Rafael Calvo, 5 1\u00ba 28010 Madrid ESPA\u00d1A<\/p>\n<p><strong>Tlfn<\/strong>: +34 600 97 87 77<\/p>\n<p><strong>Correo electr\u00f3nico<\/strong>: <a href=\"mailto:protecciondedatos@copernicus.es\">protecciondedatos@copernicus.es <\/a><\/p>\n<p><strong>Delegado de Protecci\u00f3n de Datos<\/strong>: Ver apartado 1 del \u00edndice.<\/p>\n<p><strong>\u00bfCon qu\u00e9 finalidad tratamos sus datos personales?<\/strong><\/p>\n<p>En Copernicus tratamos la informaci\u00f3n que nos ha facilitado con el fin de mantenerle informado de las distintas vacantes que se produzcan en la compa\u00f1\u00eda y poder contactar con usted en caso de que encajen en su perfil. No se tomar\u00e1n decisiones automatizadas.<\/p>\n<p><strong>\u00bfPor cu\u00e1nto tiempo conservamos sus datos personales?<\/strong><\/p>\n<p>Los datos proporcionados se conservar\u00e1n hasta la adjudicaci\u00f3n de un puesto de trabajo o hasta que ejerza su derecho de supresi\u00f3n. En cualquier caso, se borrar\u00e1n al a\u00f1o de que nos los haya proporcionado, a menos que renueve su consentimiento.<\/p>\n<p><strong>\u00bfCu\u00e1l es la legitimaci\u00f3n para el tratamiento de sus datos?<\/strong><\/p>\n<p>La base legal para el tratamiento de sus datos es el consentimiento de la persona que nos entrega sus datos personales (su consentimiento).<\/p>\n<p><strong>\u00bfA qu\u00e9 destinatarios se podr\u00edan comunicar sus datos?<\/strong><\/p>\n<p>Salvo obligaciones legales o judiciales, no comunicaremos sus datos a ning\u00fan tercero.<\/p>\n<p><strong>\u00bfCu\u00e1les son sus derechos cuando nos facilita sus datos?<\/strong><\/p>\n<p>Tiene derecho a conocer si estamos tratando sus datos personales (derecho de acceso), as\u00ed como a solicitar la rectificaci\u00f3n de los datos que sean inexactos o, en su caso, solicitar su supresi\u00f3n. Otros derechos que tiene son los de solicitar la limitaci\u00f3n del tratamiento de sus datos, de oponerse al tratamiento, o solicitar la portabilidad de sus datos. Tambi\u00e9n tiene derecho a retirar el consentimiento en cualquier momento, sin que ello afecte a la licitud del tratamiento basado en el consentimiento previo a su retirada.<\/p>\n<p>Para ejercer sus derechos, por favor, p\u00f3ngase en contacto con el Delegado de Protecci\u00f3n de Datos o env\u00ede un email a <a href=\"mailto:protecciondedatos@copernicus.es\">protecciondedatos@copernicus.es<\/a> aportando su DNI para que podamos verificar su identidad.<\/p>\n<p>Si considerara que no hemos satisfecho el ejercicio de sus derechos, puede presentar una reclamaci\u00f3n ante la Autoridad de Control en <a href=\"http:\/\/www.aepd.es\">www.aepd.es<\/a><\/p>\n<p>&nbsp;<\/p>\n<p><strong>3. Informaci\u00f3n de Protecci\u00f3n de Datos relativa a CLIENTES<\/strong><\/p>\n<p><strong>\u00bfQui\u00e9n es el responsable del tratamiento de tus datos?<\/strong><\/p>\n<p><strong>Identidad<\/strong>: Copernicus Hospitality, S.L. (en adelante \u201cCopernicus\u201d) \u2013 N.I.F. B06832794<\/p>\n<p><strong>Dir. Postal<\/strong>: C\/ Rafael Calvo, 5 1\u00ba 28010 Madrid ESPA\u00d1A<\/p>\n<p><strong>Tlfn<\/strong>: +34 600 97 87 77<\/p>\n<p><strong>Correo electr\u00f3nico<\/strong>: <a href=\"mailto:protecciondedatos@copernicus.es\">protecciondedatos@copernicus.es <\/a><\/p>\n<p>Delegado de Protecci\u00f3n de Datos: Ver apartado 1 del \u00edndice.<\/p>\n<p><strong>\u00bfCon qu\u00e9 finalidad tratamos sus datos personales?<\/strong><\/p>\n<p>En Copernicus tratamos sus datos personales con el fin de gestionar la relaci\u00f3n (pre)contractual que se pudiera alcanzar y con el fin de cumplir con nuestras obligaciones legales. Le informamos de que no se tomar\u00e1n decisiones automatizadas. Asimismo, si usted nos ha dado su consentimiento, podremos enviarle comunicaciones comerciales.<\/p>\n<p><strong>\u00bfPor cu\u00e1nto tiempo conservamos sus datos personales?<\/strong><\/p>\n<p>Copernicus tratar\u00e1 sus datos hasta la finalizaci\u00f3n del contrato. A partir de entonces, Copernicus mantendr\u00e1n sus datos hasta cumplir con todas sus obligaciones contractuales y legales. Respecto a los datos relativos a comunicaciones comerciales, dejaremos de tratarlos en el momento en que usted retire su consentimiento. No obstante, la retirada de dicho consentimiento no afectar\u00e1 a la licitud de los tratamientos efectuados con anterioridad. Respecto a los datos relativos a comunicaciones comerciales, dejaremos de tratarlos en el momento en que usted retire su consentimiento. No obstante, la retirada de dicho consentimiento no afectar\u00e1 a la licitud de los tratamientos efectuados con anterioridad.<\/p>\n<p><strong>\u00bfCu\u00e1l es la legitimaci\u00f3n para el tratamiento de sus datos?<\/strong><\/p>\n<p>La base legal para el tratamiento de sus datos es:<\/p>\n<p>&#8211; Para los datos relativos a relaciones precontractuales: su consentimiento dirigido a entablar una relaci\u00f3n contractual.<\/p>\n<p>&#8211; Para los datos relativos a relaciones contractuales: el acuerdo o contrato que le vincula a Copernicus Hospitality, S.L.<\/p>\n<p>&#8211; Para los datos relativos a comunicaciones comerciales: su consentimiento.<\/p>\n<p><strong>\u00bfA qu\u00e9 destinatarios se podr\u00edan comunicar sus datos? <\/strong><\/p>\n<p>Se podr\u00edan comunicar sus datos a aquellos clientes y\/o proveedores de la entidad que necesiten tratarlos para que Copernicus pueda cumplir la relaci\u00f3n (pre)contractual que le une con usted.<\/p>\n<p><strong>\u00bfCu\u00e1les son sus derechos?<\/strong><\/p>\n<p>Cualquier persona tiene derecho a conocer si estamos tratando sus datos personales (derecho de acceso), as\u00ed como solicitar la rectificaci\u00f3n de los datos que sean inexactos o, en su caso, solicitar su supresi\u00f3n. Otros derechos que tiene son<\/p>\n<p>los de solicitar la limitaci\u00f3n del tratamiento de sus datos, de oponerse al tratamiento, o solicitar la portabilidad de sus datos. Tambi\u00e9n tiene derecho a retirar el consentimiento en cualquier momento, sin que ello afecte a la licitud del tratamiento basado en el consentimiento previo a su retirada.<\/p>\n<p>Para ejercer sus derechos, por favor, p\u00f3ngase en contacto con el Delegado de Protecci\u00f3n de Datos o env\u00ede un email a protecciondedatos@copernicus.es aportando su DNI para que podamos verificar su identidad.<\/p>\n<p>Si considerara que el ejercicio de sus derechos no ha sido satisfecho, puede presentar una reclamaci\u00f3n ante la Autoridad de Control en <a href=\"http:\/\/www.aepd.es\">www.aepd.es<\/a>.<\/p>\n<p><strong>4. Informaci\u00f3n de Protecci\u00f3n de Datos relativa a PROVEEDORES<\/strong><\/p>\n<p><strong>\u00bfQui\u00e9n es el responsable del tratamiento de sus datos?<\/strong><\/p>\n<p><strong>Identidad<\/strong>: Copernicus Hospitality, S.L. (en adelante \u201cCopernicus\u201d) \u2013 N.I.F. B06832794<\/p>\n<p><strong>Dir. Postal<\/strong>: C\/ Rafael Calvo, 5 1\u00ba 28010 Madrid ESPA\u00d1A<\/p>\n<p><strong>Tlfn<\/strong>: +34 600 97 87 77<\/p>\n<p><strong>Correo electr\u00f3nico<\/strong>: <a href=\"mailto:protecciondedatos@copernicus.es\">protecciondedatos@copernicus.es<\/a><\/p>\n<p><strong>Delegado de Protecci\u00f3n de Datos<\/strong>: Ver apartado 1 del \u00edndice.<\/p>\n<p><strong>\u00bfCon qu\u00e9 finalidad tratamos sus datos personales?<\/strong><\/p>\n<p>En Copernicus tratamos la informaci\u00f3n que nos ha facilitado usted o su representante con el fin de poder gestionar la relaci\u00f3n (pre)contractual que se pudiera alcanzar y con el fin de cumplir nuestras obligaciones legales, incluyendo entre ellas las de Prevenci\u00f3n de Blanqueo de Capitales y Financiaci\u00f3n del Terrorismo. No se tomar\u00e1n decisiones automatizadas.<\/p>\n<p><strong>\u00bfPor cu\u00e1nto tiempo conservamos sus datos personales?<\/strong><\/p>\n<p>Los datos proporcionados se conservar\u00e1n hasta que la entidad cumpla con todas sus obligaciones contractuales y legales, a contar desde el momento en que finalice la relaci\u00f3n contractual.<\/p>\n<p><strong>\u00bfCu\u00e1l es la legitimaci\u00f3n para el tratamiento de sus datos?<\/strong><\/p>\n<p>La base legal para el tratamiento de sus datos es la relaci\u00f3n contractual existente. En lo que respecta a Prevenci\u00f3n de Capitales y Financiaci\u00f3n del Terrorismo, la base legal es Ley 10\/2010, de 28 de abril, de Prevenci\u00f3n del Blanqueo de Capitales y de la Financiaci\u00f3n del Terrorismo.<\/p>\n<p><strong>\u00bfA qu\u00e9 destinatarios se podr\u00edan comunicar sus datos?<\/strong><\/p>\n<p>Se podr\u00edan comunicar sus datos a aquellos clientes y\/o proveedores de la entidad que necesiten tratar sus datos para que Copernicus pueda cumplir la relaci\u00f3n contractual que les une.<\/p>\n<p><strong>\u00bfCu\u00e1les son sus derechos?<\/strong><\/p>\n<p>Cualquier persona tiene derecho a conocer si estamos tratando sus datos personales (derecho de acceso), as\u00ed como solicitar la rectificaci\u00f3n de los datos que sean inexactos o, en su caso, solicitar su supresi\u00f3n. Otros derechos que tiene son los de solicitar la limitaci\u00f3n del tratamiento de sus datos, de oponerse al tratamiento, o solicitar la portabilidad de sus datos. Tambi\u00e9n tiene derecho a retirar el consentimiento en cualquier momento, sin que ello afecte a la licitud del tratamiento basado en el consentimiento previo a su retirada.<\/p>\n<p>Para ejercer sus derechos, por favor, p\u00f3ngase en contacto con el Delegado de Protecci\u00f3n de Datos o env\u00ede un email a <a href=\"mailto:protecciondedatos@copernicus.es\">protecciondedatos@copernicus.es<\/a> aportando su DNI para que podamos verificar su identidad.<\/p>\n<p>Si considerara que el ejercicio de sus derechos no ha sido satisfecho, puede presentar una reclamaci\u00f3n ante la Autoridad de Control en <strong>www.aepd<\/strong>.es.<\/p>\n<p><strong>5. Informaci\u00f3n de Protecci\u00f3n de Datos relativa al CANAL DE DENUNCIAS<\/strong><\/p>\n<p>\u00bfQui\u00e9n es el responsable del tratamiento de sus datos?<\/p>\n<p><strong>Identidad<\/strong>: Copernicus Hospitality, S.L. (en adelante \u201cCopernicus\u201d) \u2013 N.I.F. B06832794<\/p>\n<p><strong>Dir. Postal<\/strong>: C\/ Rafael Calvo, 5 1\u00ba 28010 Madrid ESPA\u00d1A<\/p>\n<p><strong>Tlfn<\/strong>: +34 600 97 87 77<\/p>\n<p><strong>Correo electr\u00f3nico<\/strong>: <a href=\"mailto:protecciondedatos@copernicus.es\">protecciondedatos@copernicus.es <\/a><\/p>\n<p><strong>Delegado de Protecci\u00f3n de Datos<\/strong>: Ver apartado 1 del \u00edndice.<\/p>\n<p><strong>\u00bfCon qu\u00e9 finalidad tratamos sus datos personales?<\/strong><\/p>\n<p>De acuerdo con la pol\u00edtica del Grupo Copernicus, cualquier persona (empleados, proveedores, clientes, prestatarios\u2026), puede presentar una queja o una denuncia. Respecto de las personas que presenten una queja, tratamos sus datos con el fin de resolver las posibles vulneraciones de sus derechos. En lo que respecta a las denuncias, la finalidad es proteger a Copernicus y sus filiales de la posible comisi\u00f3n de delitos. No se tomar\u00e1n decisiones automatizadas.<\/p>\n<p><strong>\u00bfPor cu\u00e1nto tiempo conservamos sus datos personales?<\/strong><\/p>\n<p>Los datos proporcionados se conservar\u00e1n hasta que la entidad cumpla con todas sus obligaciones contractuales y legales, que podr\u00eda incluir hasta la finalizaci\u00f3n de las investigaciones judiciales correspondientes.<\/p>\n<p><strong>\u00bfCu\u00e1l es la legitimaci\u00f3n para el tratamiento de sus datos?<\/strong><\/p>\n<p>Usamos sus datos sobre la base del consentimiento que nos otorga al enviarnos la queja o la denuncia.<\/p>\n<p><strong>\u00bfA qu\u00e9 destinatarios se podr\u00edan comunicar sus datos?<\/strong><\/p>\n<p>Sus datos se podr\u00edan comunicar a las autoridades pertinentes en la materia. Asimismo, sus datos podr\u00e1n ser comunicados a la matriz del Grupo Copernicus (Copernicus Servicing, S.L.) para la gesti\u00f3n de las quejas y denuncias.<\/p>\n<p><strong>\u00bfCu\u00e1les son sus derechos?<\/strong><\/p>\n<p>Cualquier persona tiene derecho a conocer si estamos tratando sus datos personales (derecho de acceso), as\u00ed como solicitar la rectificaci\u00f3n de los datos que sean inexactos o, en su caso, solicitar su supresi\u00f3n. Otros derechos que tiene son los de solicitar la limitaci\u00f3n del tratamiento de sus datos, de oponerse al tratamiento, o solicitar la portabilidad de sus datos. Tambi\u00e9n tiene derecho a retirar el consentimiento en cualquier momento, sin que ello afecte a la licitud del tratamiento basado en el consentimiento previo a su retirada.<\/p>\n<p>Para ejercer sus derechos, por favor, p\u00f3ngase en contacto con el Delegado de Protecci\u00f3n de Datos o env\u00ede un email a <a href=\"mailto:protecciondedatos@copernicus.es\">protecciondedatos@copernicus.es<\/a> aportando su DNI para que podamos verificar su identidad.<\/p>\n<p>Si considerara que el ejercicio de sus derechos no ha sido satisfechos, puede presentar una reclamaci\u00f3n ante la Autoridad de Control en <a href=\"http:\/\/www.aepd.es\">www.aepd.es<\/a>.<\/p>\n","protected":false},"excerpt":{"rendered":"<p>\u00cdNDICE: 1. Datos de contacto del Delegado de Protecci\u00f3n de Datos. 2. Informaci\u00f3n de Protecci\u00f3n de Datos relativa a CANDIDATOS A TRABAJAR EN COPERNICUS HOSPITALITY 3. Informaci\u00f3n de Protecci\u00f3n de Datos relativa a CLIENTES 4. Informaci\u00f3n de Protecci\u00f3n de Datos relativa a PROVEEDORES 5. Informaci\u00f3n de Protecci\u00f3n de Datos relativa a CANAL DE DENUNCIAS &nbsp;  [&#8230;]<\/p>\n","protected":false},"author":9,"featured_media":0,"parent":0,"menu_order":0,"comment_status":"closed","ping_status":"closed","template":"","meta":{"footnotes":""},"class_list":["post-1887","page","type-page","status-publish","hentry"],"yoast_head":"<!-- This site is optimized with the Yoast SEO plugin v27.4 - https:\/\/yoast.com\/product\/yoast-seo-wordpress\/ -->\n<title>Data Protection - Copernicus Hospitality<\/title>\n<meta name=\"robots\" content=\"index, follow, max-snippet:-1, max-image-preview:large, max-video-preview:-1\" \/>\n<link rel=\"canonical\" href=\"https:\/\/copernicushospitality.com\/en\/data-protection\/\" \/>\n<meta property=\"og:locale\" content=\"en_US\" \/>\n<meta property=\"og:type\" content=\"article\" \/>\n<meta property=\"og:title\" content=\"Data Protection - Copernicus Hospitality\" \/>\n<meta property=\"og:description\" content=\"\u00cdNDICE: 1. Datos de contacto del Delegado de Protecci\u00f3n de Datos. 2. Informaci\u00f3n de Protecci\u00f3n de Datos relativa a CANDIDATOS A TRABAJAR EN COPERNICUS HOSPITALITY 3. Informaci\u00f3n de Protecci\u00f3n de Datos relativa a CLIENTES 4. Informaci\u00f3n de Protecci\u00f3n de Datos relativa a PROVEEDORES 5. Informaci\u00f3n de Protecci\u00f3n de Datos relativa a CANAL DE DENUNCIAS &nbsp; [...]\" \/>\n<meta property=\"og:url\" content=\"https:\/\/copernicushospitality.com\/en\/data-protection\/\" \/>\n<meta property=\"og:site_name\" content=\"Copernicus Hospitality\" \/>\n<meta property=\"article:modified_time\" content=\"2024-10-20T13:33:20+00:00\" \/>\n<meta property=\"og:image\" content=\"https:\/\/copernicushospitality.com\/wp-content\/uploads\/2022\/03\/logo-copernicushospitality_2x-3.png\" \/>\n\t<meta property=\"og:image:width\" content=\"273\" \/>\n\t<meta property=\"og:image:height\" content=\"170\" \/>\n\t<meta property=\"og:image:type\" content=\"image\/png\" \/>\n<meta name=\"twitter:card\" content=\"summary_large_image\" \/>\n<meta name=\"twitter:label1\" content=\"Est. reading time\" \/>\n\t<meta name=\"twitter:data1\" content=\"8 minutes\" \/>\n<script type=\"application\/ld+json\" class=\"yoast-schema-graph\">{\"@context\":\"https:\\\/\\\/schema.org\",\"@graph\":[{\"@type\":\"WebPage\",\"@id\":\"https:\\\/\\\/copernicushospitality.com\\\/en\\\/data-protection\\\/\",\"url\":\"https:\\\/\\\/copernicushospitality.com\\\/en\\\/data-protection\\\/\",\"name\":\"Data Protection - Copernicus Hospitality\",\"isPartOf\":{\"@id\":\"https:\\\/\\\/copernicushospitality.com\\\/en\\\/#website\"},\"datePublished\":\"2022-03-30T12:10:09+00:00\",\"dateModified\":\"2024-10-20T13:33:20+00:00\",\"breadcrumb\":{\"@id\":\"https:\\\/\\\/copernicushospitality.com\\\/en\\\/data-protection\\\/#breadcrumb\"},\"inLanguage\":\"en-US\",\"potentialAction\":[{\"@type\":\"ReadAction\",\"target\":[\"https:\\\/\\\/copernicushospitality.com\\\/en\\\/data-protection\\\/\"]}]},{\"@type\":\"BreadcrumbList\",\"@id\":\"https:\\\/\\\/copernicushospitality.com\\\/en\\\/data-protection\\\/#breadcrumb\",\"itemListElement\":[{\"@type\":\"ListItem\",\"position\":1,\"name\":\"Portada\",\"item\":\"https:\\\/\\\/copernicushospitality.com\\\/en\\\/\"},{\"@type\":\"ListItem\",\"position\":2,\"name\":\"Data Protection\"}]},{\"@type\":\"WebSite\",\"@id\":\"https:\\\/\\\/copernicushospitality.com\\\/en\\\/#website\",\"url\":\"https:\\\/\\\/copernicushospitality.com\\\/en\\\/\",\"name\":\"Copernicus Hospitality\",\"description\":\"Gestor en el mercado hotelero\",\"publisher\":{\"@id\":\"https:\\\/\\\/copernicushospitality.com\\\/en\\\/#organization\"},\"potentialAction\":[{\"@type\":\"SearchAction\",\"target\":{\"@type\":\"EntryPoint\",\"urlTemplate\":\"https:\\\/\\\/copernicushospitality.com\\\/en\\\/?s={search_term_string}\"},\"query-input\":{\"@type\":\"PropertyValueSpecification\",\"valueRequired\":true,\"valueName\":\"search_term_string\"}}],\"inLanguage\":\"en-US\"},{\"@type\":\"Organization\",\"@id\":\"https:\\\/\\\/copernicushospitality.com\\\/en\\\/#organization\",\"name\":\"Copernicus Hospitality\",\"alternateName\":\"Copeprnicus\",\"url\":\"https:\\\/\\\/copernicushospitality.com\\\/en\\\/\",\"logo\":{\"@type\":\"ImageObject\",\"inLanguage\":\"en-US\",\"@id\":\"https:\\\/\\\/copernicushospitality.com\\\/en\\\/#\\\/schema\\\/logo\\\/image\\\/\",\"url\":\"https:\\\/\\\/copernicushospitality.com\\\/wp-content\\\/uploads\\\/2022\\\/03\\\/logo-copernicushospitality_2x-2.png\",\"contentUrl\":\"https:\\\/\\\/copernicushospitality.com\\\/wp-content\\\/uploads\\\/2022\\\/03\\\/logo-copernicushospitality_2x-2.png\",\"width\":273,\"height\":150,\"caption\":\"Copernicus Hospitality\"},\"image\":{\"@id\":\"https:\\\/\\\/copernicushospitality.com\\\/en\\\/#\\\/schema\\\/logo\\\/image\\\/\"},\"sameAs\":[\"https:\\\/\\\/www.linkedin.com\\\/company\\\/copernicus\\\/\"]}]}<\/script>\n<!-- \/ Yoast SEO plugin. -->","yoast_head_json":{"title":"Data Protection - Copernicus Hospitality","robots":{"index":"index","follow":"follow","max-snippet":"max-snippet:-1","max-image-preview":"max-image-preview:large","max-video-preview":"max-video-preview:-1"},"canonical":"https:\/\/copernicushospitality.com\/en\/data-protection\/","og_locale":"en_US","og_type":"article","og_title":"Data Protection - Copernicus Hospitality","og_description":"\u00cdNDICE: 1. Datos de contacto del Delegado de Protecci\u00f3n de Datos. 2. Informaci\u00f3n de Protecci\u00f3n de Datos relativa a CANDIDATOS A TRABAJAR EN COPERNICUS HOSPITALITY 3. Informaci\u00f3n de Protecci\u00f3n de Datos relativa a CLIENTES 4. Informaci\u00f3n de Protecci\u00f3n de Datos relativa a PROVEEDORES 5. Informaci\u00f3n de Protecci\u00f3n de Datos relativa a CANAL DE DENUNCIAS &nbsp; [...]","og_url":"https:\/\/copernicushospitality.com\/en\/data-protection\/","og_site_name":"Copernicus Hospitality","article_modified_time":"2024-10-20T13:33:20+00:00","og_image":[{"width":273,"height":170,"url":"https:\/\/copernicushospitality.com\/wp-content\/uploads\/2022\/03\/logo-copernicushospitality_2x-3.png","type":"image\/png"}],"twitter_card":"summary_large_image","twitter_misc":{"Est. reading time":"8 minutes"},"schema":{"@context":"https:\/\/schema.org","@graph":[{"@type":"WebPage","@id":"https:\/\/copernicushospitality.com\/en\/data-protection\/","url":"https:\/\/copernicushospitality.com\/en\/data-protection\/","name":"Data Protection - Copernicus Hospitality","isPartOf":{"@id":"https:\/\/copernicushospitality.com\/en\/#website"},"datePublished":"2022-03-30T12:10:09+00:00","dateModified":"2024-10-20T13:33:20+00:00","breadcrumb":{"@id":"https:\/\/copernicushospitality.com\/en\/data-protection\/#breadcrumb"},"inLanguage":"en-US","potentialAction":[{"@type":"ReadAction","target":["https:\/\/copernicushospitality.com\/en\/data-protection\/"]}]},{"@type":"BreadcrumbList","@id":"https:\/\/copernicushospitality.com\/en\/data-protection\/#breadcrumb","itemListElement":[{"@type":"ListItem","position":1,"name":"Portada","item":"https:\/\/copernicushospitality.com\/en\/"},{"@type":"ListItem","position":2,"name":"Data Protection"}]},{"@type":"WebSite","@id":"https:\/\/copernicushospitality.com\/en\/#website","url":"https:\/\/copernicushospitality.com\/en\/","name":"Copernicus Hospitality","description":"Gestor en el mercado hotelero","publisher":{"@id":"https:\/\/copernicushospitality.com\/en\/#organization"},"potentialAction":[{"@type":"SearchAction","target":{"@type":"EntryPoint","urlTemplate":"https:\/\/copernicushospitality.com\/en\/?s={search_term_string}"},"query-input":{"@type":"PropertyValueSpecification","valueRequired":true,"valueName":"search_term_string"}}],"inLanguage":"en-US"},{"@type":"Organization","@id":"https:\/\/copernicushospitality.com\/en\/#organization","name":"Copernicus Hospitality","alternateName":"Copeprnicus","url":"https:\/\/copernicushospitality.com\/en\/","logo":{"@type":"ImageObject","inLanguage":"en-US","@id":"https:\/\/copernicushospitality.com\/en\/#\/schema\/logo\/image\/","url":"https:\/\/copernicushospitality.com\/wp-content\/uploads\/2022\/03\/logo-copernicushospitality_2x-2.png","contentUrl":"https:\/\/copernicushospitality.com\/wp-content\/uploads\/2022\/03\/logo-copernicushospitality_2x-2.png","width":273,"height":150,"caption":"Copernicus Hospitality"},"image":{"@id":"https:\/\/copernicushospitality.com\/en\/#\/schema\/logo\/image\/"},"sameAs":["https:\/\/www.linkedin.com\/company\/copernicus\/"]}]}},"_links":{"self":[{"href":"https:\/\/copernicushospitality.com\/en\/wp-json\/wp\/v2\/pages\/1887","targetHints":{"allow":["GET"]}}],"collection":[{"href":"https:\/\/copernicushospitality.com\/en\/wp-json\/wp\/v2\/pages"}],"about":[{"href":"https:\/\/copernicushospitality.com\/en\/wp-json\/wp\/v2\/types\/page"}],"author":[{"embeddable":true,"href":"https:\/\/copernicushospitality.com\/en\/wp-json\/wp\/v2\/users\/9"}],"replies":[{"embeddable":true,"href":"https:\/\/copernicushospitality.com\/en\/wp-json\/wp\/v2\/comments?post=1887"}],"version-history":[{"count":1,"href":"https:\/\/copernicushospitality.com\/en\/wp-json\/wp\/v2\/pages\/1887\/revisions"}],"predecessor-version":[{"id":1888,"href":"https:\/\/copernicushospitality.com\/en\/wp-json\/wp\/v2\/pages\/1887\/revisions\/1888"}],"wp:attachment":[{"href":"https:\/\/copernicushospitality.com\/en\/wp-json\/wp\/v2\/media?parent=1887"}],"curies":[{"name":"wp","href":"https:\/\/api.w.org\/{rel}","templated":true}]}}