{"id":1881,"date":"2022-03-30T14:05:36","date_gmt":"2022-03-30T12:05:36","guid":{"rendered":"https:\/\/copernicushospitality.com\/aviso-legal\/"},"modified":"2024-10-20T15:29:19","modified_gmt":"2024-10-20T13:29:19","slug":"legal-advice","status":"publish","type":"page","link":"https:\/\/copernicushospitality.com\/en\/legal-advice\/","title":{"rendered":"Legal Advice"},"content":{"rendered":"<div class=\"fusion-fullwidth fullwidth-box fusion-builder-row-1 fusion-flex-container nonhundred-percent-fullwidth non-hundred-percent-height-scrolling\" style=\"--awb-background-position:right bottom;--awb-border-radius-top-left:0px;--awb-border-radius-top-right:0px;--awb-border-radius-bottom-right:0px;--awb-border-radius-bottom-left:0px;--awb-padding-left:0px;--awb-padding-left-small:30px;--awb-margin-bottom:6rem;--awb-margin-bottom-small:2rem;--awb-flex-wrap:wrap;\" id=\"credit1\" ><div class=\"fusion-builder-row fusion-row fusion-flex-align-items-flex-start fusion-flex-content-wrap\" style=\"max-width:1216.8px;margin-left: calc(-4% \/ 2 );margin-right: calc(-4% \/ 2 );\"><div class=\"fusion-layout-column fusion_builder_column fusion-builder-column-0 fusion_builder_column_1_1 1_1 fusion-flex-column column-text\" style=\"--awb-bg-position:right top;--awb-bg-size:cover;--awb-width-large:100%;--awb-margin-top-large:0px;--awb-spacing-right-large:1.92%;--awb-margin-bottom-large:20px;--awb-spacing-left-large:1.92%;--awb-width-medium:100%;--awb-order-medium:0;--awb-spacing-right-medium:1.92%;--awb-spacing-left-medium:1.92%;--awb-width-small:100%;--awb-order-small:0;--awb-spacing-right-small:1.92%;--awb-spacing-left-small:1.92%;\"><div class=\"fusion-column-wrapper fusion-column-has-shadow fusion-flex-justify-content-flex-start fusion-content-layout-column\"><div class=\"fusion-text fusion-text-1 parrafo\" style=\"--awb-content-alignment:left;--awb-text-transform:none;\"><p><strong>INFORMACI\u00d3N DE LA COMPA\u00d1\u00cdA<\/strong><\/p>\n<p>Copernicus Hospitality, S.L., con domicilio en Calle Rafael Calvo 5 \u2013 1\u00aa planta, 28010 Madrid, CIF B06832794, inscrita en el Registro Mercantil de Madrid, tomo 42012, folio 181, inscripci\u00f3n 1\u00aa, hoja M-743976, con tel\u00e9fono de contacto 600 978 777 y direcci\u00f3n de correo electr\u00f3nico <a href=\"mailto:protecciondedatos@copernicus.es\">protecciondedatos@copernicus.es<\/a>.<\/p>\n<p><strong>OBJETO<\/strong><\/p>\n<p>Las presentes Condiciones Generales (\u00abcondiciones generales\u00bb) regulan el acceso y uso por parte de cualquier persona (\u00abusuario\u00bb) de las p\u00e1ginas que integran el dominio web <a href=\"https:\/\/copernicushospitality.com\/en\/\">https:\/\/copernicushospitality.com\/<\/a> (\u00abp\u00e1gina web\u00bb), titularidad de Copernicus Hospitality, S.L. (\u00abCOPERNICUS\u00bb), as\u00ed como los contenidos y servicios que en ellas se incluyen.<\/p>\n<p>El acceso a esta p\u00e1gina web o su utilizaci\u00f3n por el usuario implica necesariamente, y sin reservas, el sometimiento y aceptaci\u00f3n de las condiciones generales. Por tanto, se recomienda que el usuario las lea detenidamente cada vez que quiera entrar en la p\u00e1gina web de <strong>COPERNICUS<\/strong>.<\/p>\n<p><strong>COPERNICUS<\/strong> se reserva la facultad de efectuar, en cualquier momento y sin necesidad de preaviso alguno, cualquier modificaci\u00f3n o actualizaci\u00f3n de los contenidos y servicios, de las condiciones generales y, en general, de cuantos elementos integren el dise\u00f1o y la configuraci\u00f3n de su p\u00e1gina web.<\/p>\n<p><strong>ACCESO Y USO DE LA P\u00c1GINA WEB<\/strong><\/p>\n<p>El usuario accede a la p\u00e1gina web bajo su exclusiva responsabilidad.<\/p>\n<p>Los contenidos y servicios presentados en la p\u00e1gina tienen como finalidad la difusi\u00f3n de informaci\u00f3n acerca de las actividades desarrolladas por <strong>COPERNICUS<\/strong>.<\/p>\n<p>Los contenidos de la p\u00e1gina web no podr\u00e1n considerarse en ning\u00fan caso asesoramiento sobre ninguna cuesti\u00f3n.<\/p>\n<p><strong>COPERNICUS<\/strong> pondr\u00e1 los medios razonables a su disposici\u00f3n para que los contenidos y servicios incluidos en su p\u00e1gina web sean exactos y est\u00e9n actualizados. No obstante, <strong>COPERNICUS<\/strong> no est\u00e1 en condiciones de poder garantizar esta circunstancia en todo momento.<\/p>\n<p>Dado que el usuario puede descargar determinados contenidos de la p\u00e1gina web, <strong>COPERNICUS<\/strong> dispone de la infraestructura necesaria para evitar da\u00f1os derivados de la existencia de virus inform\u00e1ticos. <strong>COPERNICUS<\/strong> no se hace responsable de los potenciales da\u00f1os o errores que, debidos a la presencia de cualquier virus, pueda sufrir el sistema inform\u00e1tico (hardware o software) del usuario cuando \u00e9ste acceda a la p\u00e1gina web o la utilice.<\/p>\n<p>Igualmente, <strong>COPERNICUS<\/strong> informar\u00e1 al usuario acerca de las especificaciones t\u00e9cnicas necesarias para proceder a la descarga de informaci\u00f3n y contenidos de su p\u00e1gina web.<\/p>\n<p>Se ruega al usuario que preste atenci\u00f3n a estos mensajes de aviso, ya que <strong>COPERNICUS<\/strong> no se responsabiliza de los da\u00f1os y perjuicios que puedan sufrir los equipos inform\u00e1ticos del usuario porque \u00e9ste haya usado de forma indebida o negligente la p\u00e1gina web.<\/p>\n<p><strong>PROPIEDAD INTELECTUAL Y PROPIEDAD INDUSTRIAL<\/strong><\/p>\n<p>Todos los contenidos, sin exclusi\u00f3n y de forma no limitativa, que forman parte de la p\u00e1gina web, es decir, informaci\u00f3n, art\u00edculos, datos, textos, logos, iconos, im\u00e1genes, dise\u00f1o e imagen de la p\u00e1gina web (apariencia externa o look and feel), ficheros de v\u00eddeo, ficheros de audio, bases de datos y aplicaciones inform\u00e1ticas, son propiedad de <strong>COPERNICUS<\/strong> o est\u00e1 explotado bajo licencia de terceros titulares de los derechos de propiedad intelectual y\/o industrial de los mencionados contenidos. \u00c9stos est\u00e1n protegidos por las leyes de propiedad intelectual e industrial vigentes.<\/p>\n<p>Queda prohibida cualquier forma de reproducci\u00f3n, distribuci\u00f3n, comunicaci\u00f3n p\u00fablica, transformaci\u00f3n, descarga y, en general, cualquier acto de explotaci\u00f3n de la totalidad o parte de los contenidos (im\u00e1genes, textos, dise\u00f1os, \u00edndices, formas, etc.) que integran la p\u00e1gina web, as\u00ed como de las bases de datos y del software necesario para su visualizaci\u00f3n o funcionamiento, que no cuente con la expresa y previa autorizaci\u00f3n escrita de <strong>COPERNICUS<\/strong>.<\/p>\n<p>El usuario podr\u00e1 crear una copia privada de los contenidos \u00fanica y exclusivamente para su utilizaci\u00f3n personal. Todo uso o explotaci\u00f3n distintos precisar\u00e1n de una autorizaci\u00f3n previa y por escrito de <strong>COPERNICUS<\/strong>. En concreto, se proh\u00edbe al usuario reproducir, distribuir, comunicar p\u00fablicamente (incluido el derecho de puesta a disposici\u00f3n), fijar, transformar, coleccionar y, de cualquier otro modo, explotar los contenidos aparecidos en la p\u00e1gina web sin la autorizaci\u00f3n previa y por escrito de <strong>COPERNICUS<\/strong>.<\/p>\n<p>Todas las marcas, logotipos o signos distintivos de <strong>COPERNICUS<\/strong> se\u00f1alados en la p\u00e1gina web son marcas titularidad de <strong>COPERNICUS<\/strong>.<\/p>\n<p><strong>ENLACES<\/strong><\/p>\n<p>Todo enlace hipertextual, profundo, framing, o cualquier otro tipo de conexi\u00f3n virtual a trav\u00e9s de redes de telecomunicaci\u00f3n desde cualquier sitio web o direcci\u00f3n URL (\u00abenlaces\u00bb) a la p\u00e1gina web, deber\u00e1 ser autorizado previamente y por escrito por <strong>COPERNICUS<\/strong>, debiendo establecerse el enlace en todo caso a su p\u00e1gina inicial.<\/p>\n<p><strong>COPERNICUS<\/strong> desea aclarar que los enlaces a p\u00e1ginas web de terceros que contenga la p\u00e1gina web tienen \u00fanicamente una finalidad orientativa, siendo su objeto el poner a disposici\u00f3n del usuario otras fuentes de informaci\u00f3n que pudieran ser de su inter\u00e9s.<\/p>\n<p>Si cualquier usuario o tercero observa que tales enlaces pueden ser contrarios a las leyes, la moral o el orden p\u00fablico, o susceptibles de incitar a la violencia o a la discriminaci\u00f3n por razones sexuales, ideol\u00f3gicas, religiosas o raciales, rogamos que lo ponga en nuestro conocimiento a trav\u00e9s de la direcci\u00f3n de <a href=\"mailto:compliance@copernicus.es\">compliance@copernicus.es<\/a>.<\/p>\n<p>Al margen de lo dispuesto legalmente, <strong>COPERNICUS<\/strong> declina cualquier responsabilidad en relaci\u00f3n con los contenidos de los enlaces o con los da\u00f1os o errores que, por cualquier virus presente al acceder a ellos o al utilizarlos, puedan sufrir los sistemas inform\u00e1ticos (hardware y software) del usuario.<\/p>\n<p><strong>LEGISLACI\u00d3N Y JURISDICCI\u00d3N APLICABLE<\/strong><\/p>\n<p>Las presentes condiciones generales quedan sujetas al ordenamiento jur\u00eddico espa\u00f1ol.<\/p>\n<p>Para la resoluci\u00f3n de cualquier conflicto que pudiera derivarse del acceso a la p\u00e1gina web, el usuario y <strong>COPERNICUS<\/strong> acuerdan someterse expresamente a los juzgados y tribunales de la ciudad de Madrid, con renuncia a cualquier otro fuero general o especial que les pudiera corresponder.<\/p>\n<\/div><\/div><\/div><\/div><\/div>\n","protected":false},"excerpt":{"rendered":"","protected":false},"author":9,"featured_media":0,"parent":0,"menu_order":0,"comment_status":"closed","ping_status":"closed","template":"100-width.php","meta":{"footnotes":""},"class_list":["post-1881","page","type-page","status-publish","hentry"],"yoast_head":"<!-- This site is optimized with the Yoast SEO plugin v27.4 - https:\/\/yoast.com\/product\/yoast-seo-wordpress\/ -->\n<title>Legal Advice - Copernicus Hospitality<\/title>\n<meta name=\"robots\" content=\"index, follow, max-snippet:-1, max-image-preview:large, max-video-preview:-1\" \/>\n<link rel=\"canonical\" href=\"https:\/\/copernicushospitality.com\/en\/legal-advice\/\" \/>\n<meta property=\"og:locale\" content=\"en_US\" \/>\n<meta property=\"og:type\" content=\"article\" \/>\n<meta property=\"og:title\" content=\"Legal Advice - Copernicus Hospitality\" \/>\n<meta property=\"og:url\" content=\"https:\/\/copernicushospitality.com\/en\/legal-advice\/\" \/>\n<meta property=\"og:site_name\" content=\"Copernicus Hospitality\" \/>\n<meta property=\"article:modified_time\" content=\"2024-10-20T13:29:19+00:00\" \/>\n<meta property=\"og:image\" content=\"https:\/\/copernicushospitality.com\/wp-content\/uploads\/2022\/03\/logo-copernicushospitality_2x-3.png\" \/>\n\t<meta property=\"og:image:width\" content=\"273\" \/>\n\t<meta property=\"og:image:height\" content=\"170\" \/>\n\t<meta property=\"og:image:type\" content=\"image\/png\" \/>\n<meta name=\"twitter:card\" content=\"summary_large_image\" \/>\n<meta name=\"twitter:label1\" content=\"Est. reading time\" \/>\n\t<meta name=\"twitter:data1\" content=\"5 minutes\" \/>\n<script type=\"application\/ld+json\" class=\"yoast-schema-graph\">{\"@context\":\"https:\\\/\\\/schema.org\",\"@graph\":[{\"@type\":\"WebPage\",\"@id\":\"https:\\\/\\\/copernicushospitality.com\\\/en\\\/legal-advice\\\/\",\"url\":\"https:\\\/\\\/copernicushospitality.com\\\/en\\\/legal-advice\\\/\",\"name\":\"Legal Advice - Copernicus Hospitality\",\"isPartOf\":{\"@id\":\"https:\\\/\\\/copernicushospitality.com\\\/en\\\/#website\"},\"datePublished\":\"2022-03-30T12:05:36+00:00\",\"dateModified\":\"2024-10-20T13:29:19+00:00\",\"breadcrumb\":{\"@id\":\"https:\\\/\\\/copernicushospitality.com\\\/en\\\/legal-advice\\\/#breadcrumb\"},\"inLanguage\":\"en-US\",\"potentialAction\":[{\"@type\":\"ReadAction\",\"target\":[\"https:\\\/\\\/copernicushospitality.com\\\/en\\\/legal-advice\\\/\"]}]},{\"@type\":\"BreadcrumbList\",\"@id\":\"https:\\\/\\\/copernicushospitality.com\\\/en\\\/legal-advice\\\/#breadcrumb\",\"itemListElement\":[{\"@type\":\"ListItem\",\"position\":1,\"name\":\"Portada\",\"item\":\"https:\\\/\\\/copernicushospitality.com\\\/en\\\/\"},{\"@type\":\"ListItem\",\"position\":2,\"name\":\"Legal Advice\"}]},{\"@type\":\"WebSite\",\"@id\":\"https:\\\/\\\/copernicushospitality.com\\\/en\\\/#website\",\"url\":\"https:\\\/\\\/copernicushospitality.com\\\/en\\\/\",\"name\":\"Copernicus Hospitality\",\"description\":\"Gestor en el mercado hotelero\",\"publisher\":{\"@id\":\"https:\\\/\\\/copernicushospitality.com\\\/en\\\/#organization\"},\"potentialAction\":[{\"@type\":\"SearchAction\",\"target\":{\"@type\":\"EntryPoint\",\"urlTemplate\":\"https:\\\/\\\/copernicushospitality.com\\\/en\\\/?s={search_term_string}\"},\"query-input\":{\"@type\":\"PropertyValueSpecification\",\"valueRequired\":true,\"valueName\":\"search_term_string\"}}],\"inLanguage\":\"en-US\"},{\"@type\":\"Organization\",\"@id\":\"https:\\\/\\\/copernicushospitality.com\\\/en\\\/#organization\",\"name\":\"Copernicus Hospitality\",\"alternateName\":\"Copeprnicus\",\"url\":\"https:\\\/\\\/copernicushospitality.com\\\/en\\\/\",\"logo\":{\"@type\":\"ImageObject\",\"inLanguage\":\"en-US\",\"@id\":\"https:\\\/\\\/copernicushospitality.com\\\/en\\\/#\\\/schema\\\/logo\\\/image\\\/\",\"url\":\"https:\\\/\\\/copernicushospitality.com\\\/wp-content\\\/uploads\\\/2022\\\/03\\\/logo-copernicushospitality_2x-2.png\",\"contentUrl\":\"https:\\\/\\\/copernicushospitality.com\\\/wp-content\\\/uploads\\\/2022\\\/03\\\/logo-copernicushospitality_2x-2.png\",\"width\":273,\"height\":150,\"caption\":\"Copernicus Hospitality\"},\"image\":{\"@id\":\"https:\\\/\\\/copernicushospitality.com\\\/en\\\/#\\\/schema\\\/logo\\\/image\\\/\"},\"sameAs\":[\"https:\\\/\\\/www.linkedin.com\\\/company\\\/copernicus\\\/\"]}]}<\/script>\n<!-- \/ Yoast SEO plugin. -->","yoast_head_json":{"title":"Legal Advice - Copernicus Hospitality","robots":{"index":"index","follow":"follow","max-snippet":"max-snippet:-1","max-image-preview":"max-image-preview:large","max-video-preview":"max-video-preview:-1"},"canonical":"https:\/\/copernicushospitality.com\/en\/legal-advice\/","og_locale":"en_US","og_type":"article","og_title":"Legal Advice - Copernicus Hospitality","og_url":"https:\/\/copernicushospitality.com\/en\/legal-advice\/","og_site_name":"Copernicus Hospitality","article_modified_time":"2024-10-20T13:29:19+00:00","og_image":[{"width":273,"height":170,"url":"https:\/\/copernicushospitality.com\/wp-content\/uploads\/2022\/03\/logo-copernicushospitality_2x-3.png","type":"image\/png"}],"twitter_card":"summary_large_image","twitter_misc":{"Est. reading time":"5 minutes"},"schema":{"@context":"https:\/\/schema.org","@graph":[{"@type":"WebPage","@id":"https:\/\/copernicushospitality.com\/en\/legal-advice\/","url":"https:\/\/copernicushospitality.com\/en\/legal-advice\/","name":"Legal Advice - Copernicus Hospitality","isPartOf":{"@id":"https:\/\/copernicushospitality.com\/en\/#website"},"datePublished":"2022-03-30T12:05:36+00:00","dateModified":"2024-10-20T13:29:19+00:00","breadcrumb":{"@id":"https:\/\/copernicushospitality.com\/en\/legal-advice\/#breadcrumb"},"inLanguage":"en-US","potentialAction":[{"@type":"ReadAction","target":["https:\/\/copernicushospitality.com\/en\/legal-advice\/"]}]},{"@type":"BreadcrumbList","@id":"https:\/\/copernicushospitality.com\/en\/legal-advice\/#breadcrumb","itemListElement":[{"@type":"ListItem","position":1,"name":"Portada","item":"https:\/\/copernicushospitality.com\/en\/"},{"@type":"ListItem","position":2,"name":"Legal Advice"}]},{"@type":"WebSite","@id":"https:\/\/copernicushospitality.com\/en\/#website","url":"https:\/\/copernicushospitality.com\/en\/","name":"Copernicus Hospitality","description":"Gestor en el mercado hotelero","publisher":{"@id":"https:\/\/copernicushospitality.com\/en\/#organization"},"potentialAction":[{"@type":"SearchAction","target":{"@type":"EntryPoint","urlTemplate":"https:\/\/copernicushospitality.com\/en\/?s={search_term_string}"},"query-input":{"@type":"PropertyValueSpecification","valueRequired":true,"valueName":"search_term_string"}}],"inLanguage":"en-US"},{"@type":"Organization","@id":"https:\/\/copernicushospitality.com\/en\/#organization","name":"Copernicus Hospitality","alternateName":"Copeprnicus","url":"https:\/\/copernicushospitality.com\/en\/","logo":{"@type":"ImageObject","inLanguage":"en-US","@id":"https:\/\/copernicushospitality.com\/en\/#\/schema\/logo\/image\/","url":"https:\/\/copernicushospitality.com\/wp-content\/uploads\/2022\/03\/logo-copernicushospitality_2x-2.png","contentUrl":"https:\/\/copernicushospitality.com\/wp-content\/uploads\/2022\/03\/logo-copernicushospitality_2x-2.png","width":273,"height":150,"caption":"Copernicus Hospitality"},"image":{"@id":"https:\/\/copernicushospitality.com\/en\/#\/schema\/logo\/image\/"},"sameAs":["https:\/\/www.linkedin.com\/company\/copernicus\/"]}]}},"_links":{"self":[{"href":"https:\/\/copernicushospitality.com\/en\/wp-json\/wp\/v2\/pages\/1881","targetHints":{"allow":["GET"]}}],"collection":[{"href":"https:\/\/copernicushospitality.com\/en\/wp-json\/wp\/v2\/pages"}],"about":[{"href":"https:\/\/copernicushospitality.com\/en\/wp-json\/wp\/v2\/types\/page"}],"author":[{"embeddable":true,"href":"https:\/\/copernicushospitality.com\/en\/wp-json\/wp\/v2\/users\/9"}],"replies":[{"embeddable":true,"href":"https:\/\/copernicushospitality.com\/en\/wp-json\/wp\/v2\/comments?post=1881"}],"version-history":[{"count":1,"href":"https:\/\/copernicushospitality.com\/en\/wp-json\/wp\/v2\/pages\/1881\/revisions"}],"predecessor-version":[{"id":1882,"href":"https:\/\/copernicushospitality.com\/en\/wp-json\/wp\/v2\/pages\/1881\/revisions\/1882"}],"wp:attachment":[{"href":"https:\/\/copernicushospitality.com\/en\/wp-json\/wp\/v2\/media?parent=1881"}],"curies":[{"name":"wp","href":"https:\/\/api.w.org\/{rel}","templated":true}]}}